{"id":16486,"date":"2025-12-11T23:43:05","date_gmt":"2025-12-11T22:43:05","guid":{"rendered":"https:\/\/sci.unah.edu.pe\/?page_id=16486"},"modified":"2026-02-10T16:21:31","modified_gmt":"2026-02-10T15:21:31","slug":"16486-2","status":"publish","type":"page","link":"https:\/\/sci.unah.edu.pe\/?page_id=16486","title":{"rendered":"ENTREGABLES"},"content":{"rendered":"\n<div class=\"wp-block-columns is-layout-flex wp-container-core-columns-is-layout-829b1d53 wp-block-columns-is-layout-flex\" style=\"margin-bottom:0\">\n<div class=\"wp-block-column is-vertically-aligned-center has-white-color has-text-color has-background has-link-color wp-elements-bd84ebc6b80d62376abb45067bf1af77 is-layout-flow wp-block-column-is-layout-flow\" style=\"background-color:#53565b;padding-top:2em;padding-right:2em;padding-bottom:2em;padding-left:2em\">\n<h2 class=\"wp-block-heading has-white-color has-text-color has-link-color wp-elements-61a9cbfa7b48c6dc092a375292274677\" id=\"single\" style=\"font-size:40px\"><strong>A\u00f1o 202<\/strong>6<\/h2>\n\n\n\n<p class=\"has-white-color has-text-color has-link-color has-normal-font-size wp-elements-cfa42ea8aa5eef4a9eb8b30d38964a00\" style=\"line-height:1.5\"><strong>REPORTE<\/strong><\/p>\n\n\n\n<hr class=\"wp-block-separator has-text-color has-white-color has-alpha-channel-opacity has-white-background-color has-background is-style-wide\"\/>\n\n\n\n<figure class=\"wp-block-table\"><table><tbody><tr><td>Constancia del REPORTE DE EVALUACI\u00d3N ANUAL DE LA IMPLEMENTACI\u00d3N DEL SISTEMA DE CONTROL INTERNO<\/td><td><strong><em><a href=\"https:\/\/drive.google.com\/file\/d\/10XCjmeO2jyeaTXxML2X4TGtTeNCDzNaC\/view?usp=drive_link\">Descargar pdf<\/a><\/em><\/strong><a href=\"https:\/\/www.google.com\/\" data-type=\"link\" data-id=\"https:\/\/www.google.com\/\"><\/a><\/td><\/tr><tr><td><strong>Segundo entregable:<\/strong>&nbsp;REPORTE DE EVALUACI\u00d3N DE LA IMPLEMENTACI\u00d3N DEL SISTEMA DE CONTROL INTERNO<\/td><td><strong><em><a href=\"https:\/\/drive.google.com\/file\/d\/1DaEiIf5zNwux4ntI_YJ2Z7pAAljBg8kl\/view?usp=drive_link\">Descargar pdf<\/a><\/em><\/strong><\/td><\/tr><tr><td>Constancia del SEGUNDO REPORTE DE SEGUIMIENTO DE PLAN DE ACCI\u00d3N ANUAL<\/td><td><strong><em><a href=\"https:\/\/drive.google.com\/file\/d\/1xKFs9tPPu1Qu_hWCK_ZvaNeHCRRcJbzZ\/view?usp=drive_link\">Descargar pdf<\/a><\/em><\/strong><\/td><\/tr><tr><td><strong>Primer entregable:<\/strong>&nbsp;SEGUNDO REPORTE DE SEGUIMIENTO DE PLAN DE ACCI\u00d3N ANUAL<\/td><td><strong><em><a href=\"https:\/\/drive.google.com\/file\/d\/1lMB2WPRwF-ejVcOQ99K1EEgcVC4at2_2\/view?usp=drive_link\">Descargar pdf<\/a><\/em><\/strong><\/td><\/tr><\/tbody><\/table><\/figure>\n<\/div>\n<\/div>\n\n\n\n<div style=\"height:25px\" aria-hidden=\"true\" class=\"wp-block-spacer\"><\/div>\n\n\n\n<div class=\"wp-block-columns is-layout-flex wp-container-core-columns-is-layout-829b1d53 wp-block-columns-is-layout-flex\" style=\"margin-bottom:0\">\n<div class=\"wp-block-column is-vertically-aligned-center has-white-color has-text-color has-background has-link-color wp-elements-f00997a6e245114f4230bd5ab655b988 is-layout-flow wp-block-column-is-layout-flow\" style=\"background-color:#53565b;padding-top:2em;padding-right:2em;padding-bottom:2em;padding-left:2em\">\n<h2 class=\"wp-block-heading has-white-color has-text-color has-link-color wp-elements-f8d63f1a353c2cb2ad3dce18bf1e691a\" id=\"single\" style=\"font-size:40px\"><strong>A\u00f1o 2025<\/strong><\/h2>\n\n\n\n<p class=\"has-white-color has-text-color has-link-color has-normal-font-size wp-elements-cfa42ea8aa5eef4a9eb8b30d38964a00\" style=\"line-height:1.5\"><strong>REPORTE<\/strong><\/p>\n\n\n\n<hr class=\"wp-block-separator has-text-color has-white-color has-alpha-channel-opacity has-white-background-color has-background is-style-wide\"\/>\n\n\n\n<figure class=\"wp-block-table\"><table><tbody><tr><td>Constancia de PLAN DE ACCI\u00d3N ANUAL \u2013 SECCI\u00d3N MEDIDAS DE CONTROL<\/td><td><strong><em><a href=\"https:\/\/drive.google.com\/file\/d\/1GE095u6p8BXiM3XQVKcS70G4fwbVeYlg\/view\">Descargar pdf<\/a><\/em><\/strong><a href=\"https:\/\/www.google.com\/\" data-type=\"link\" data-id=\"https:\/\/www.google.com\/\"><\/a><\/td><\/tr><tr><td><strong>Segundo entregable:<\/strong>&nbsp;PLAN DE ACCI\u00d3N ANUAL \u2013 SECCI\u00d3N MEDIDAS DE CONTROL<\/td><td><a href=\"https:\/\/drive.google.com\/file\/d\/1OuaM54HYGKQYIG8cfbYxQjYanc4taFrp\/view\"><strong><em>Descargar pdf<\/em><\/strong><\/a><\/td><\/tr><tr><td>Constancia de PLAN DE ACCI\u00d3N ANUAL \u2013 SECCI\u00d3N MEDIDAS DE REMEDIACI\u00d3N<\/td><td><a href=\"https:\/\/drive.google.com\/file\/d\/1JMQEDMGJUTxDmhWcPbE65y2MWPns4wk-\/view\"><strong><em>Descargar pdf<\/em><\/strong><\/a><\/td><\/tr><tr><td><strong>Primer entregable:<\/strong>&nbsp;PLAN DE ACCI\u00d3N ANUAL \u2013 SECCI\u00d3N MEDIDAS DE REMEDIACI\u00d3N<\/td><td><strong><em><a href=\"https:\/\/drive.google.com\/file\/d\/1_0acIYzompLwlLpIr_HTqXjRpqrfattz\/view\">Descargar pdf<\/a><\/em><\/strong><\/td><\/tr><\/tbody><\/table><\/figure>\n\n\n\n<p class=\"has-white-color has-text-color has-link-color has-normal-font-size wp-elements-cfa42ea8aa5eef4a9eb8b30d38964a00\" style=\"line-height:1.5\"><strong>REPORTE<\/strong><\/p>\n\n\n\n<hr class=\"wp-block-separator has-text-color has-white-color has-alpha-channel-opacity has-white-background-color has-background is-style-wide\"\/>\n\n\n\n<figure class=\"wp-block-table\"><table><tbody><tr><td>Constancia del REPORTE DE EVALUACI\u00d3N DE LA IMPLEMENTACI\u00d3N DEL SISTEMA DE CONTROL INTERNO<\/td><td><strong><em><a href=\"https:\/\/drive.google.com\/file\/d\/1VhR2vQIZ_OxbZokQx3qH0_eaXIKM3Xbd\/view\">Descargar pdf<\/a><\/em><\/strong><a href=\"https:\/\/www.google.com\/\" data-type=\"link\" data-id=\"https:\/\/www.google.com\/\"><\/a><\/td><\/tr><tr><td><strong>Segundo entregable:<\/strong>&nbsp;REPORTE DE EVALUACI\u00d3N DE LA IMPLEMENTACI\u00d3N DEL SISTEMA DE CONTROL INTERNO<\/td><td><strong><em><a href=\"https:\/\/drive.google.com\/file\/d\/1K4P6r3UFBQxyNxRbyRdGsazHQH3kWKNH\/view\">Descargar pdf<\/a><\/em><\/strong><\/td><\/tr><tr><td>Constancia del SEGUNDO REPORTE DE SEGUIMIENTO DE PLAN DE ACCI\u00d3N ANUAL<\/td><td><strong><em><a href=\"https:\/\/drive.google.com\/file\/d\/1zyZRdR-jaMmBBs2W_mjWHAYiwgvqh5_g\/view\">Descargar pdf<\/a><\/em><\/strong><\/td><\/tr><tr><td><strong>Primer entregable:<\/strong>&nbsp;SEGUNDO REPORTE DE SEGUIMIENTO DE PLAN DE ACCI\u00d3N ANUAL<\/td><td><strong><em><a href=\"https:\/\/drive.google.com\/file\/d\/1UG8cnVfJ8zV8_0aA1t4trkutkIcLh6pE\/view\">Descargar pdf<\/a><\/em><\/strong><\/td><\/tr><\/tbody><\/table><\/figure>\n<\/div>\n<\/div>\n\n\n\n<div style=\"height:25px\" aria-hidden=\"true\" class=\"wp-block-spacer\"><\/div>\n\n\n\n<div class=\"wp-block-columns are-vertically-aligned-center is-layout-flex wp-container-core-columns-is-layout-829b1d53 wp-block-columns-is-layout-flex\" style=\"margin-bottom:0\">\n<div class=\"wp-block-column is-vertically-aligned-center has-white-color has-text-color has-background has-link-color wp-elements-9a4a73bda6ec97324b66385625955df5 is-layout-flow wp-block-column-is-layout-flow\" style=\"background-color:#53565b;padding-top:2em;padding-right:2em;padding-bottom:2em;padding-left:2em\">\n<h2 class=\"wp-block-heading has-white-color has-text-color has-link-color wp-elements-a874966eb2c49f15fd54c77293f33ee7\" id=\"single\" style=\"font-size:40px\"><strong>A\u00f1o 202<\/strong>4<\/h2>\n\n\n\n<p class=\"has-white-color has-text-color has-link-color has-normal-font-size wp-elements-cfa42ea8aa5eef4a9eb8b30d38964a00\" style=\"line-height:1.5\"><strong>REPORTE<\/strong><\/p>\n\n\n\n<hr class=\"wp-block-separator has-text-color has-white-color has-alpha-channel-opacity has-white-background-color has-background is-style-wide\"\/>\n\n\n\n<figure class=\"wp-block-table\"><table><tbody><tr><td>Constancia de presentaci\u00f3n de entregables<\/td><td><strong><em><a href=\"https:\/\/drive.google.com\/file\/d\/1xLGnt7ZtZd8vQJtdcRc5CTGu21MaTmvG\/view\">Descargar pdf<\/a><\/em><\/strong><a href=\"https:\/\/www.google.com\/\" data-type=\"link\" data-id=\"https:\/\/www.google.com\/\"><\/a><\/td><\/tr><tr><td><strong>Cuarto entregable:<\/strong>&nbsp;EVALUACI\u00d3N DE LA IMPLEMENTACI\u00d3N DEL SISTEMA DE CONTROL INTERNO<\/td><td><strong><em><a href=\"https:\/\/drive.google.com\/file\/d\/1mQiBy3lv0KP-UvZf9Zj6Q22mwEXB-8m8\/view\">Descargar pdf<\/a><\/em><\/strong><\/td><\/tr><tr><td><strong>Tercer entregable:&nbsp;<\/strong>PRIMER REPORTE DE SEGUIMIENTO DE PLAN DE ACCI\u00d3N (SEMESTRAL)<\/td><td><strong><em><a href=\"https:\/\/drive.google.com\/file\/d\/1VSm8i59y_rTCcq8lADf0NKShbDolichh\/view\">Descargar pdf<\/a><\/em><\/strong><\/td><\/tr><tr><td>Constancia de PLAN DE ACCI\u00d3N ANUAL \u2013 SECCI\u00d3N MEDIDAS DE CONTROL<\/td><td><strong><em><a href=\"https:\/\/drive.google.com\/file\/d\/1uCbvV8NAHPRZpCoA7G4vcCq0UhEk1Pb5\/view\">Descargar pdf<\/a><\/em><\/strong><\/td><\/tr><tr><td><strong>Segundo entregable:<\/strong>&nbsp;PLAN DE ACCI\u00d3N ANUAL \u2013 SECCI\u00d3N MEDIDAS DE CONTROL<\/td><td><strong><em><a href=\"https:\/\/drive.google.com\/file\/d\/1afXsUQeFKSzxuhUxkuTeLtfQUl7ICn-T\/view\">Descargar pdf<\/a><\/em><\/strong><\/td><\/tr><tr><td>Constancia de PLAN DE ACCI\u00d3N ANUAL \u2013 SECCI\u00d3N MEDIDAS DE REMEDIACI\u00d3N<\/td><td><strong><em><a href=\"https:\/\/drive.google.com\/file\/d\/1menHN1eSdxxqm1-FaJ2ZgsqCqnJob83_\/view\">Descargar pdf<\/a><\/em><\/strong><\/td><\/tr><tr><td><strong>Primer entregable:<\/strong>&nbsp;PLAN DE ACCI\u00d3N ANUAL \u2013 SECCI\u00d3N MEDIDAS DE REMEDIACI\u00d3N<\/td><td><strong><em><a href=\"https:\/\/drive.google.com\/file\/d\/1t7I-BX2B1UhSsM1EyG4jVw8dJeUu6ezO\/view\">Descargar pdf<\/a><\/em><\/strong><\/td><\/tr><\/tbody><\/table><\/figure>\n\n\n\n<p class=\"has-white-color has-text-color has-link-color has-normal-font-size wp-elements-cfa42ea8aa5eef4a9eb8b30d38964a00\" style=\"line-height:1.5\"><strong>REPORTE<\/strong><\/p>\n\n\n\n<hr class=\"wp-block-separator has-text-color has-white-color has-alpha-channel-opacity has-white-background-color has-background is-style-wide\"\/>\n\n\n\n<figure class=\"wp-block-table\"><table><tbody><tr><td>Constancias de presentaci\u00f3n de entregables<\/td><td><strong><em><a href=\"https:\/\/drive.google.com\/file\/d\/1Q888P3WGyXZWxQk1wsBoPJ6GksrFZ9Nd\/view\">Descargar pdf<\/a><\/em><\/strong><a href=\"https:\/\/www.google.com\/\" data-type=\"link\" data-id=\"https:\/\/www.google.com\/\"><\/a><\/td><\/tr><tr><td><strong>Segundo entregable:<\/strong>&nbsp;Segundo reporte de seguimiento de plan de acci\u00f3n (ANUAL)<\/td><td><strong><em><a href=\"https:\/\/drive.google.com\/file\/d\/1nHzvobdjDwt0faLfRBr0VR7rnZ0tMJ0s\/view\">Descargar pdf<\/a><\/em><\/strong><\/td><\/tr><tr><td><strong>Primer entregable:<\/strong>&nbsp;Reporte de evaluaci\u00f3n de la implementaci\u00f3n del SCI (ANUAL)<\/td><td><strong><em><a href=\"https:\/\/drive.google.com\/file\/d\/1e_U4gdEB31lorlIPh_8savEegVdMtL0D\/view\">Descargar pdf<\/a><\/em><\/strong><\/td><\/tr><\/tbody><\/table><\/figure>\n<\/div>\n<\/div>\n\n\n\n<div style=\"height:25px\" aria-hidden=\"true\" class=\"wp-block-spacer\"><\/div>\n\n\n\n<div class=\"wp-block-columns are-vertically-aligned-center is-layout-flex wp-container-core-columns-is-layout-829b1d53 wp-block-columns-is-layout-flex\" style=\"margin-bottom:0\">\n<div class=\"wp-block-column is-vertically-aligned-center has-white-color has-text-color has-background has-link-color wp-elements-7bc3ccf67e80a7c0c4bb13f1d56a185a is-layout-flow wp-block-column-is-layout-flow\" style=\"background-color:#53565b;padding-top:2em;padding-right:2em;padding-bottom:2em;padding-left:2em\">\n<h2 class=\"wp-block-heading has-white-color has-text-color has-link-color wp-elements-cc9af85ea98cca0cb7f9e2fccd84c892\" id=\"single\" style=\"font-size:40px\"><strong>A\u00f1o 202<\/strong>3<\/h2>\n\n\n\n<p class=\"has-white-color has-text-color has-link-color has-normal-font-size wp-elements-cfa42ea8aa5eef4a9eb8b30d38964a00\" style=\"line-height:1.5\"><strong>REPORTE<\/strong><\/p>\n\n\n\n<hr class=\"wp-block-separator has-text-color has-white-color has-alpha-channel-opacity has-white-background-color has-background is-style-wide\"\/>\n\n\n\n<figure class=\"wp-block-table\"><table><tbody><tr><td>Constancias de presentaci\u00f3n de entregables<\/td><td><a href=\"http:\/\/www.google.com\"><strong><em>Descargar pdf<\/em><\/strong><\/a><a href=\"https:\/\/www.google.com\/\" data-type=\"link\" data-id=\"https:\/\/www.google.com\/\"><\/a><\/td><\/tr><tr><td><strong>Segundo entregable:<\/strong>&nbsp;Primer reporte de seguimiento de plan de acci\u00f3n (SEMESTRAL)<\/td><td><a href=\"http:\/\/www.google.com\"><strong><em>Descargar pdf<\/em><\/strong><\/a><\/td><\/tr><tr><td><strong>Primer entregable:<\/strong>&nbsp;Reporte de evaluaci\u00f3n de la implementaci\u00f3n del SCI (SEMESTRAL)<\/td><td><a href=\"http:\/\/www.google.com\"><strong><em>Descargar pdf<\/em><\/strong><\/a><\/td><\/tr><\/tbody><\/table><\/figure>\n\n\n\n<p class=\"has-white-color has-text-color has-link-color has-normal-font-size wp-elements-cfa42ea8aa5eef4a9eb8b30d38964a00\" style=\"line-height:1.5\"><strong>REPORTE<\/strong><\/p>\n\n\n\n<hr class=\"wp-block-separator has-text-color has-white-color has-alpha-channel-opacity has-white-background-color has-background is-style-wide\"\/>\n\n\n\n<figure class=\"wp-block-table\"><table><tbody><tr><td>Constancias de Presentaci\u00f3n 2023<\/td><td><a href=\"http:\/\/www.google.com\"><strong><em>Descargar pdf<\/em><\/strong><\/a><a href=\"https:\/\/www.google.com\/\" data-type=\"link\" data-id=\"https:\/\/www.google.com\/\"><\/a><\/td><\/tr><tr><td><strong>Quinto entregable:&nbsp;<\/strong>Plan de Acci\u00f3n Medidas de Control<\/td><td><a href=\"http:\/\/www.google.com\"><strong><em>Descargar pdf<\/em><\/strong><\/a><\/td><\/tr><tr><td><strong>Cuarto entregable:<\/strong>&nbsp;Plan de Acci\u00f3n Medidas de Remediaci\u00f3n<\/td><td><a href=\"http:\/\/www.google.com\"><strong><em>Descargar pdf<\/em><\/strong><\/a><\/td><\/tr><tr><td><strong>Tercer entregable:<\/strong>&nbsp;Reporte de Identificaci\u00f3n Deficiencias<\/td><td><a href=\"http:\/\/www.google.com\"><strong><em>Descargar pdf<\/em><\/strong><\/a><\/td><\/tr><tr><td><strong>Segundo entregable:<\/strong>&nbsp;Seguimiento Semestral Plan de Acci\u00f3n Anual<\/td><td><a href=\"http:\/\/www.google.com\"><strong><em>Descargar pdf<\/em><\/strong><\/a><\/td><\/tr><tr><td><strong>Primer entregable:<\/strong>&nbsp;Evaluaci\u00f3n Anual ISCI<\/td><td><a href=\"http:\/\/www.google.com\"><strong><em>Descargar pdf<\/em><\/strong><\/a><\/td><\/tr><\/tbody><\/table><\/figure>\n<\/div>\n<\/div>\n\n\n\n<div style=\"height:25px\" aria-hidden=\"true\" class=\"wp-block-spacer\"><\/div>\n\n\n\n<div class=\"wp-block-columns are-vertically-aligned-center is-layout-flex wp-container-core-columns-is-layout-829b1d53 wp-block-columns-is-layout-flex\" style=\"margin-bottom:0\">\n<div class=\"wp-block-column is-vertically-aligned-center has-white-color has-text-color has-background has-link-color wp-elements-c4a784fee9d1ec18ef0fcca06de151c8 is-layout-flow wp-block-column-is-layout-flow\" style=\"background-color:#53565b;padding-top:2em;padding-right:2em;padding-bottom:2em;padding-left:2em\">\n<h2 class=\"wp-block-heading has-white-color has-text-color has-link-color wp-elements-03009bffeb3d8145f8b15dc084035fa5\" id=\"single\" style=\"font-size:40px\"><strong>A\u00f1o 202<\/strong>2<\/h2>\n\n\n\n<p class=\"has-white-color has-text-color has-link-color has-normal-font-size wp-elements-cfa42ea8aa5eef4a9eb8b30d38964a00\" style=\"line-height:1.5\"><strong>REPORTE<\/strong><\/p>\n\n\n\n<hr class=\"wp-block-separator has-text-color has-white-color has-alpha-channel-opacity has-white-background-color has-background is-style-wide\"\/>\n\n\n\n<figure class=\"wp-block-table\"><table><tbody><tr><td>Constancia de Presentaci\u00f3n 2022<\/td><td><a href=\"http:\/\/www.google.com\"><strong><em>Descargar pdf<\/em><\/strong><\/a><a href=\"https:\/\/www.google.com\/\" data-type=\"link\" data-id=\"https:\/\/www.google.com\/\"><\/a><\/td><\/tr><tr><td><strong>Quinto entregable:<\/strong>&nbsp;Evaluaci\u00f3n Semestral ISCI<\/td><td><a href=\"http:\/\/www.google.com\"><strong><em>Descargar pdf<\/em><\/strong><\/a><\/td><\/tr><tr><td><strong>Cuarto entregable:<\/strong>&nbsp;Seguimiento Semestral Plan de Acci\u00f3n Anual<\/td><td><a href=\"http:\/\/www.google.com\"><strong><em>Descargar pdf<\/em><\/strong><\/a><\/td><\/tr><tr><td><strong>Tercer entregable:<\/strong>&nbsp;Plan de Acci\u00f3n Medidas de Control<\/td><td><a href=\"http:\/\/www.google.com\"><strong><em>Descargar pdf<\/em><\/strong><\/a><\/td><\/tr><tr><td><strong>Segundo entregable:<\/strong>&nbsp;Plan de Acci\u00f3n Medidas de Remediaci\u00f3n<\/td><td><a href=\"http:\/\/www.google.com\"><strong><em>Descargar pdf<\/em><\/strong><\/a><\/td><\/tr><tr><td><strong>Primer entregable:<\/strong>&nbsp;Evaluaci\u00f3n Anual ISCI<\/td><td><a href=\"http:\/\/www.google.com\"><strong><em>Descargar pdf<\/em><\/strong><\/a><\/td><\/tr><\/tbody><\/table><\/figure>\n\n\n\n<p class=\"has-white-color has-text-color has-link-color has-normal-font-size wp-elements-8cd1eff7bc8dd479cbae4541d3f2d547\" style=\"line-height:1.5\"><strong>MARCO NORMATIVO<\/strong><\/p>\n\n\n\n<hr class=\"wp-block-separator has-text-color has-white-color has-alpha-channel-opacity has-white-background-color has-background is-style-wide\"\/>\n\n\n\n<figure class=\"wp-block-table\"><table><tbody><tr><td>Resoluci\u00f3n de Contralor\u00eda N\u00b0 073-2023-CG<\/td><td><a href=\"http:\/\/www.google.com\"><strong><em>Descargar pdf<\/em><\/strong><\/a><a href=\"https:\/\/www.google.com\/\" data-type=\"link\" data-id=\"https:\/\/www.google.com\/\"><\/a><\/td><\/tr><\/tbody><\/table><\/figure>\n<\/div>\n<\/div>\n\n\n\n<div style=\"height:25px\" aria-hidden=\"true\" class=\"wp-block-spacer\"><\/div>\n","protected":false},"excerpt":{"rendered":"<p>A\u00f1o 2026 REPORTE Constancia del REPORTE DE EVALUACI\u00d3N ANUAL DE LA IMPLEMENTACI\u00d3N DEL SISTEMA DE CONTROL INTERNO Descargar pdf Segundo entregable:&nbsp;REPORTE DE EVALUACI\u00d3N DE LA IMPLEMENTACI\u00d3N DEL SISTEMA DE CONTROL&#8230;<\/p>\n","protected":false},"author":1,"featured_media":0,"parent":0,"menu_order":0,"comment_status":"closed","ping_status":"closed","template":"","meta":{"footnotes":""},"class_list":["post-16486","page","type-page","status-publish","hentry"],"_links":{"self":[{"href":"https:\/\/sci.unah.edu.pe\/index.php?rest_route=\/wp\/v2\/pages\/16486","targetHints":{"allow":["GET"]}}],"collection":[{"href":"https:\/\/sci.unah.edu.pe\/index.php?rest_route=\/wp\/v2\/pages"}],"about":[{"href":"https:\/\/sci.unah.edu.pe\/index.php?rest_route=\/wp\/v2\/types\/page"}],"author":[{"embeddable":true,"href":"https:\/\/sci.unah.edu.pe\/index.php?rest_route=\/wp\/v2\/users\/1"}],"replies":[{"embeddable":true,"href":"https:\/\/sci.unah.edu.pe\/index.php?rest_route=%2Fwp%2Fv2%2Fcomments&post=16486"}],"version-history":[{"count":17,"href":"https:\/\/sci.unah.edu.pe\/index.php?rest_route=\/wp\/v2\/pages\/16486\/revisions"}],"predecessor-version":[{"id":16546,"href":"https:\/\/sci.unah.edu.pe\/index.php?rest_route=\/wp\/v2\/pages\/16486\/revisions\/16546"}],"wp:attachment":[{"href":"https:\/\/sci.unah.edu.pe\/index.php?rest_route=%2Fwp%2Fv2%2Fmedia&parent=16486"}],"curies":[{"name":"wp","href":"https:\/\/api.w.org\/{rel}","templated":true}]}}