{"id":1167,"date":"2019-03-08T21:25:53","date_gmt":"2019-03-08T21:25:53","guid":{"rendered":"http:\/\/zetheme.com\/wordpress\/edubin\/?page_id=6"},"modified":"2025-12-10T23:54:49","modified_gmt":"2025-12-10T22:54:49","slug":"sensei-home","status":"publish","type":"page","link":"https:\/\/sci.unah.edu.pe\/","title":{"rendered":"INICIO"},"content":{"rendered":"\t\t<div data-elementor-type=\"wp-post\" data-elementor-id=\"1167\" class=\"elementor elementor-1167\">\n\t\t\t\t\t\t<section class=\"elementor-section elementor-top-section elementor-element elementor-element-f07dca0 elementor-section-stretched elementor-section-full_width elementor-section-height-default elementor-section-height-default\" data-id=\"f07dca0\" data-element_type=\"section\" data-e-type=\"section\" data-settings=\"{&quot;stretch_section&quot;:&quot;section-stretched&quot;}\">\n\t\t\t\t\t\t<div class=\"elementor-container elementor-column-gap-no\">\n\t\t\t\t\t<div class=\"elementor-column elementor-col-100 elementor-top-column elementor-element elementor-element-2c4bb5a\" data-id=\"2c4bb5a\" data-element_type=\"column\" data-e-type=\"column\">\n\t\t\t<div class=\"elementor-widget-wrap elementor-element-populated\">\n\t\t\t\t\t\t<div class=\"elementor-element elementor-element-e11a26b elementor-widget elementor-widget-edubin-slider-addons\" data-id=\"e11a26b\" data-element_type=\"widget\" data-e-type=\"widget\" data-widget_type=\"edubin-slider-addons.default\">\n\t\t\t\t<div class=\"elementor-widget-container\">\n\t\t\t\t\t<div class=\"edubin-slider\"><div class=\"edubin-advance-slider-active  edubin-navigation\" data-settings=\"{&quot;arrows&quot;:true,&quot;autoplay&quot;:true,&quot;infinite_loop&quot;:true,&quot;autoplay_speed&quot;:12000,&quot;animation_speed&quot;:12000,&quot;pause_on_hover&quot;:false,&quot;pause_on_interaction&quot;:false,&quot;mouse_drag&quot;:false,&quot;touch_drag&quot;:false}\"><div class=\"tpc-slider-carousel swiper swiper-container\"><div class=\"swiper-wrapper\" data-autoplay=\"true\" data-autoplayspeed=\"12000\"><div class=\"swiper-slide\"><div class=\"item-wrap elementor-repeater-item-ccc3531\">                                    \r\n                                    <div class=\"slide\" style=\"\r\n                                        background-image: url(https:\/\/sci.unah.edu.pe\/wp-content\/uploads\/2025\/12\/Slider002.jpg); \r\n                                        background-size: cover; \r\n                                        background-position: center center; \r\n                                    \">\r\n\r\n                                    <div class=\"edubin-slider-background-overlay\" ><\/div><div class=\"container\"><div class=\"row edubin-row\"><div class=\"edubin-col-xl-12 edubin-col-lg-12 edubin-col-md-12 edubin-col-sm-12 content-column\"><div class=\"content-box text-left\"><h3 class=\"edubin-slider-subtitle anim-to-top\" ><\/h3><h1 class=\"slider-title anim-to-right\" >Sistema de Control Interno\n<\/h1><div class=\"edubin-slider-content anim-to-left\" >El Sistema de Control Interno (SCI) es el conjunto de acciones, actividades, planes, pol\u00edticas, normas, registros, organizaci\u00f3n, procedimientos y m\u00e9todos, incluyendo las actitudes de las autoridades, directivos, y el personal, organizadas e instruidas en cada Entidad.\n<\/div><div class=\"button-box edubin-slider-btn anim-to-top\"><div class=\"slider-btn-left\"><a href=\"#\" class=\"edubin-btn left-btn\">Nosotros<\/a><\/div><div class=\"slider-btn-right\"><a href=\"#\" class=\"edubin-btn right-btn\">Portal UNAH<\/a><\/div><\/div><\/div><\/div><\/div><\/div><\/div><\/div><\/div><div class=\"swiper-slide\"><div class=\"item-wrap elementor-repeater-item-536f198\">                                    \r\n                                    <div class=\"slide\" style=\"\r\n                                        background-image: url(https:\/\/sci.unah.edu.pe\/wp-content\/uploads\/2025\/12\/Slider.jpg); \r\n                                        background-size: cover; \r\n                                        background-position: center center; \r\n                                    \">\r\n\r\n                                    <div class=\"edubin-slider-background-overlay\" ><\/div><div class=\"container\"><div class=\"row edubin-row\"><div class=\"edubin-col-xl-12 edubin-col-lg-12 edubin-col-md-12 edubin-col-sm-12 content-column\"><div class=\"content-box text-left\"><h3 class=\"edubin-slider-subtitle anim-to-top\" ><\/h3><h1 class=\"slider-title anim-to-right\" >Implementar el SCI en la Instituci\u00f3n es importante porque:<\/h1><div class=\"edubin-slider-content anim-to-left\" >Coadyuva en la mejora de la Gesti\u00f3n y cumplimiento de los objetivos institucionales.\nFomentar una cultura de Transparencia, eficiencia en las operaciones.<\/div><div class=\"button-box edubin-slider-btn anim-to-top\"><div class=\"slider-btn-left\"><a href=\"#\" class=\"edubin-btn left-btn\">Implementaci\u00f3n SCI<\/a><\/div><div class=\"slider-btn-right\"><a href=\"#\" class=\"edubin-btn right-btn\">Entregables<\/a><\/div><\/div><\/div><\/div><\/div><\/div><\/div><\/div><\/div><\/div><\/div><div class=\"slider-next\"><i class=\"flaticon-next\"><\/i><\/div>\r\n                    <div class=\"slider-prev\"><i class=\"flaticon-back-1\"><\/i><\/div><\/div><\/div>\t\t\t\t<\/div>\n\t\t\t\t<\/div>\n\t\t\t\t\t<\/div>\n\t\t<\/div>\n\t\t\t\t\t<\/div>\n\t\t<\/section>\n\t\t\t\t<\/div>\n\t\t","protected":false},"excerpt":{"rendered":"<p>Sistema de Control Interno El Sistema de Control Interno (SCI) es el conjunto de acciones, actividades, planes, pol\u00edticas, normas, registros, organizaci\u00f3n, procedimientos y m\u00e9todos, incluyendo las actitudes de las autoridades,&#8230;<\/p>\n","protected":false},"author":1,"featured_media":0,"parent":0,"menu_order":0,"comment_status":"closed","ping_status":"closed","template":"","meta":{"footnotes":""},"class_list":["post-1167","page","type-page","status-publish","hentry"],"_links":{"self":[{"href":"https:\/\/sci.unah.edu.pe\/index.php?rest_route=\/wp\/v2\/pages\/1167","targetHints":{"allow":["GET"]}}],"collection":[{"href":"https:\/\/sci.unah.edu.pe\/index.php?rest_route=\/wp\/v2\/pages"}],"about":[{"href":"https:\/\/sci.unah.edu.pe\/index.php?rest_route=\/wp\/v2\/types\/page"}],"author":[{"embeddable":true,"href":"https:\/\/sci.unah.edu.pe\/index.php?rest_route=\/wp\/v2\/users\/1"}],"replies":[{"embeddable":true,"href":"https:\/\/sci.unah.edu.pe\/index.php?rest_route=%2Fwp%2Fv2%2Fcomments&post=1167"}],"version-history":[{"count":276,"href":"https:\/\/sci.unah.edu.pe\/index.php?rest_route=\/wp\/v2\/pages\/1167\/revisions"}],"predecessor-version":[{"id":16465,"href":"https:\/\/sci.unah.edu.pe\/index.php?rest_route=\/wp\/v2\/pages\/1167\/revisions\/16465"}],"wp:attachment":[{"href":"https:\/\/sci.unah.edu.pe\/index.php?rest_route=%2Fwp%2Fv2%2Fmedia&parent=1167"}],"curies":[{"name":"wp","href":"https:\/\/api.w.org\/{rel}","templated":true}]}}